{"id":2,"date":"2023-11-18T10:55:40","date_gmt":"2023-11-18T09:55:40","guid":{"rendered":"http:\/\/fotografia.malgorzatt.pl\/?page_id=2"},"modified":"2023-11-26T15:57:14","modified_gmt":"2023-11-26T14:57:14","slug":"przykladowa-strona","status":"publish","type":"page","link":"https:\/\/fotografia.malgorzatt.pl\/index.php\/przykladowa-strona\/","title":{"rendered":"Przyk\u0142adowa strona"},"content":{"rendered":"<p>To jest przyk\u0142adowa strona. Strony s\u0105 inne ni\u017c wpisy na blogu, poniewa\u017c nie tylko znajduj\u0105 si\u0119 zawsze w jednym miejscu, ale tak\u017ce pojawiaj\u0105 si\u0119 w menu witryny (w wi\u0119kszo\u015bci motyw\u00f3w). Wi\u0119kszo\u015b\u0107 u\u017cytkownik\u00f3w umieszcza na swoich witrynach stron\u0119 z informacjami o sobie, dzi\u0119ki kt\u00f3rym przedstawiaj\u0105 si\u0119 odwiedzaj\u0105cym ich witryn\u0119. Taka strona mo\u017ce zawiera\u0107 na przyk\u0142ad taki tekst:<\/p>\n<blockquote><p>Cze\u015b\u0107! Za dnia jestem go\u0144cem, a noc\u0105 pr\u00f3buj\u0119 swoich si\u0142 w aktorstwie. To jest moja witryna. Mieszkam w Los Angeles, mam wspania\u0142ego psa, kt\u00f3ry wabi si\u0119 Jack i lubi\u0119 pi\u00f1a colad\u0119 (a tak\u017ce spacery, gdy pada deszcz).<\/p><\/blockquote>\n<p>&#8230; lub taki:<\/p>\n<p>&nbsp;<\/p>\n","protected":false},"excerpt":{"rendered":"<p>To jest przyk\u0142adowa strona. Strony s\u0105 inne ni\u017c wpisy na blogu, poniewa\u017c nie tylko znajduj\u0105 si\u0119 zawsze w jednym miejscu, ale tak\u017ce pojawiaj\u0105 si\u0119 w menu witryny (w wi\u0119kszo\u015bci motyw\u00f3w). Wi\u0119kszo\u015b\u0107 u\u017cytkownik\u00f3w umieszcza na swoich witrynach stron\u0119 z informacjami o sobie, dzi\u0119ki kt\u00f3rym przedstawiaj\u0105 si\u0119 &hellip; <a href=\"https:\/\/fotografia.malgorzatt.pl\/index.php\/przykladowa-strona\/\" class=\"more-link\"><span>Continue reading<span class=\"screen-reader-text\">Przyk\u0142adowa strona<\/span><\/span><\/a><\/p>\n","protected":false},"author":1,"featured_media":44,"parent":0,"menu_order":0,"comment_status":"closed","ping_status":"open","template":"","meta":{"footnotes":""},"class_list":["post-2","page","type-page","status-publish","has-post-thumbnail","hentry"],"_links":{"self":[{"href":"https:\/\/fotografia.malgorzatt.pl\/index.php\/wp-json\/wp\/v2\/pages\/2","targetHints":{"allow":["GET"]}}],"collection":[{"href":"https:\/\/fotografia.malgorzatt.pl\/index.php\/wp-json\/wp\/v2\/pages"}],"about":[{"href":"https:\/\/fotografia.malgorzatt.pl\/index.php\/wp-json\/wp\/v2\/types\/page"}],"author":[{"embeddable":true,"href":"https:\/\/fotografia.malgorzatt.pl\/index.php\/wp-json\/wp\/v2\/users\/1"}],"replies":[{"embeddable":true,"href":"https:\/\/fotografia.malgorzatt.pl\/index.php\/wp-json\/wp\/v2\/comments?post=2"}],"version-history":[{"count":2,"href":"https:\/\/fotografia.malgorzatt.pl\/index.php\/wp-json\/wp\/v2\/pages\/2\/revisions"}],"predecessor-version":[{"id":20,"href":"https:\/\/fotografia.malgorzatt.pl\/index.php\/wp-json\/wp\/v2\/pages\/2\/revisions\/20"}],"wp:featuredmedia":[{"embeddable":true,"href":"https:\/\/fotografia.malgorzatt.pl\/index.php\/wp-json\/wp\/v2\/media\/44"}],"wp:attachment":[{"href":"https:\/\/fotografia.malgorzatt.pl\/index.php\/wp-json\/wp\/v2\/media?parent=2"}],"curies":[{"name":"wp","href":"https:\/\/api.w.org\/{rel}","templated":true}]}}